{"id":10,"date":"2021-08-29T13:28:59","date_gmt":"2021-08-29T13:28:59","guid":{"rendered":"https:\/\/arprojetoseengenharia.com.br\/?page_id=10"},"modified":"2025-04-24T21:56:31","modified_gmt":"2025-04-24T21:56:31","slug":"empresa","status":"publish","type":"page","link":"https:\/\/arprojetoseengenharia.com.br\/?page_id=10","title":{"rendered":"EMPRESA"},"content":{"rendered":"\t\t<div data-elementor-type=\"wp-page\" data-elementor-id=\"10\" class=\"elementor elementor-10\" data-elementor-settings=\"[]\">\n\t\t\t\t\t\t\t<div class=\"elementor-section-wrap\">\n\t\t\t\t\t\t\t<section class=\"elementor-section elementor-top-section elementor-element elementor-element-b189cdf elementor-section-boxed elementor-section-height-default elementor-section-height-default\" data-id=\"b189cdf\" data-element_type=\"section\">\n\t\t\t\t\t\t<div class=\"elementor-container elementor-column-gap-default\">\n\t\t\t\t\t<div class=\"elementor-column elementor-col-100 elementor-top-column elementor-element elementor-element-038eec6\" data-id=\"038eec6\" data-element_type=\"column\">\n\t\t\t<div class=\"elementor-widget-wrap elementor-element-populated\">\n\t\t\t\t\t\t\t\t<div class=\"elementor-element elementor-element-8f54f85 elementor-widget elementor-widget-image\" data-id=\"8f54f85\" data-element_type=\"widget\" data-widget_type=\"image.default\">\n\t\t\t\t<div class=\"elementor-widget-container\">\n\t\t\t\t\t\t\t\t\t\t\t\t\t\t\t<img src=\"https:\/\/arprojetoseengenharia.com.br\/wp-content\/uploads\/2021\/09\/1x23asihx7.jpg\" title=\"1x23asihx7\" alt=\"1x23asihx7\" \/>\t\t\t\t\t\t\t\t\t\t\t\t\t\t\t<\/div>\n\t\t\t\t<\/div>\n\t\t\t\t\t<\/div>\n\t\t<\/div>\n\t\t\t\t\t\t\t<\/div>\n\t\t<\/section>\n\t\t\t\t<section class=\"elementor-section elementor-top-section elementor-element elementor-element-73a60ac elementor-section-boxed elementor-section-height-default elementor-section-height-default\" data-id=\"73a60ac\" data-element_type=\"section\">\n\t\t\t\t\t\t<div class=\"elementor-container elementor-column-gap-default\">\n\t\t\t\t\t<div class=\"elementor-column elementor-col-100 elementor-top-column elementor-element elementor-element-a871025\" data-id=\"a871025\" data-element_type=\"column\">\n\t\t\t<div class=\"elementor-widget-wrap elementor-element-populated\">\n\t\t\t\t\t\t\t\t<div class=\"elementor-element elementor-element-2dfae14 elementor-widget elementor-widget-heading\" data-id=\"2dfae14\" data-element_type=\"widget\" data-widget_type=\"heading.default\">\n\t\t\t\t<div class=\"elementor-widget-container\">\n\t\t\t<h2 class=\"elementor-heading-title elementor-size-medium\">EMPRESA<\/h2>\t\t<\/div>\n\t\t\t\t<\/div>\n\t\t\t\t<div class=\"elementor-element elementor-element-5ea1844 elementor-widget elementor-widget-text-editor\" data-id=\"5ea1844\" data-element_type=\"widget\" data-widget_type=\"text-editor.default\">\n\t\t\t\t<div class=\"elementor-widget-container\">\n\t\t\t\t\t\t\t<p>Somos uma empresa de Projetos e Engenharia constitu\u00edda para atender diversos segmentos na engenharia com uma \u00f3tica de mitigar as incompatibilidades entre os produtos \u201cProjetos multidiciplinares\u201d<\/p>\t\t\t\t\t\t<\/div>\n\t\t\t\t<\/div>\n\t\t\t\t<div class=\"elementor-element elementor-element-d17099f elementor-widget elementor-widget-text-editor\" data-id=\"d17099f\" data-element_type=\"widget\" data-widget_type=\"text-editor.default\">\n\t\t\t\t<div class=\"elementor-widget-container\">\n\t\t\t\t\t\t\t<p>A concretiza\u00e7\u00e3o da empresa foi poss\u00edvel\u00a0 devido a incessante busca por conhecimento e aperfei\u00e7oamento profissional do S\u00f3cio-Diretor Alexandre Rogerio Alcantara de Paula Souza e da percep\u00e7\u00e3o de um link direto entre a pr\u00e1tica e a teoria.<\/p>\t\t\t\t\t\t<\/div>\n\t\t\t\t<\/div>\n\t\t\t\t<div class=\"elementor-element elementor-element-ab6ee0b elementor-widget elementor-widget-text-editor\" data-id=\"ab6ee0b\" data-element_type=\"widget\" data-widget_type=\"text-editor.default\">\n\t\t\t\t<div class=\"elementor-widget-container\">\n\t\t\t\t\t\t\t<p>A A.R. PROJETOS E ENGENHARIA traz\u00a0 como seus principais pilares, a boa pr\u00e1tica da engenharia e a expertise dos seus profissionais t\u00e9cnicos, engenheiros, colaboradores e parceiros com anos de experi\u00eancia pr\u00e1tica e acad\u00eamico.<\/p>\t\t\t\t\t\t<\/div>\n\t\t\t\t<\/div>\n\t\t\t\t\t<\/div>\n\t\t<\/div>\n\t\t\t\t\t\t\t<\/div>\n\t\t<\/section>\n\t\t\t\t<section class=\"elementor-section elementor-top-section elementor-element elementor-element-1861891 elementor-section-boxed elementor-section-height-default elementor-section-height-default\" data-id=\"1861891\" data-element_type=\"section\">\n\t\t\t\t\t\t<div class=\"elementor-container elementor-column-gap-default\">\n\t\t\t\t\t<div class=\"elementor-column elementor-col-50 elementor-top-column elementor-element elementor-element-5ae7a05\" data-id=\"5ae7a05\" data-element_type=\"column\">\n\t\t\t<div class=\"elementor-widget-wrap elementor-element-populated\">\n\t\t\t\t\t\t\t\t<div class=\"elementor-element elementor-element-af04d14 elementor-widget elementor-widget-image\" data-id=\"af04d14\" data-element_type=\"widget\" data-widget_type=\"image.default\">\n\t\t\t\t<div class=\"elementor-widget-container\">\n\t\t\t\t\t\t\t\t\t\t\t\t\t\t\t<img width=\"214\" height=\"264\" src=\"https:\/\/arprojetoseengenharia.com.br\/wp-content\/uploads\/2021\/09\/4n0dsqwugo.jpg\" class=\"attachment-large size-large\" alt=\"\" loading=\"lazy\" \/>\t\t\t\t\t\t\t\t\t\t\t\t\t\t\t<\/div>\n\t\t\t\t<\/div>\n\t\t\t\t\t<\/div>\n\t\t<\/div>\n\t\t\t\t<div class=\"elementor-column elementor-col-50 elementor-top-column elementor-element elementor-element-d3089e3\" data-id=\"d3089e3\" data-element_type=\"column\">\n\t\t\t<div class=\"elementor-widget-wrap elementor-element-populated\">\n\t\t\t\t\t\t\t\t<div class=\"elementor-element elementor-element-932624f elementor-widget elementor-widget-heading\" data-id=\"932624f\" data-element_type=\"widget\" data-widget_type=\"heading.default\">\n\t\t\t\t<div class=\"elementor-widget-container\">\n\t\t\t<h2 class=\"elementor-heading-title elementor-size-medium\">Alexandre Rogerio Alcantara de Paula Souza\n<\/h2>\t\t<\/div>\n\t\t\t\t<\/div>\n\t\t\t\t<div class=\"elementor-element elementor-element-3cebf74 elementor-widget elementor-widget-heading\" data-id=\"3cebf74\" data-element_type=\"widget\" data-widget_type=\"heading.default\">\n\t\t\t\t<div class=\"elementor-widget-container\">\n\t\t\t<h2 class=\"elementor-heading-title elementor-size-medium\">S\u00f3cio-Diretor da A.R. PROJETOS E ENGENHARIA\n<\/h2>\t\t<\/div>\n\t\t\t\t<\/div>\n\t\t\t\t<div class=\"elementor-element elementor-element-2c5cf4d elementor-widget elementor-widget-text-editor\" data-id=\"2c5cf4d\" data-element_type=\"widget\" data-widget_type=\"text-editor.default\">\n\t\t\t\t<div class=\"elementor-widget-container\">\n\t\t\t\t\t\t\t<h3>Engenheiro Civil, P\u00f3s-Graduado Metodologia BIM (<span style=\"color: #008080;\">BUILDING INFORMATION MODELING<\/span>).<\/h3><p><strong>BIM Manager<\/strong>, Implanta\u00e7\u00e3o e Gest\u00e3o pela <strong>FAATESP<\/strong>&#8211;<strong> IBEC<\/strong> &#8211; Instituto Brasileiro de Engenharia de Custos.<\/p><p><strong>Professor<\/strong> (leciona), no Curso de <strong>P\u00f3s-Gradua\u00e7\u00e3o<\/strong> Metodologia BIM no <strong>IBEC<\/strong> &#8211; Instituto Brasileiro de Engenharia de Custos.<\/p><p><strong>Especialista<\/strong> em Sistemas de Infraestrutura de Engenharia.<br \/>Possui vasta experi\u00eancia profissional, h\u00e1 mais de 30 anos na boa pr\u00e1tica da Engenharia, em m\u00faltiplas disciplinas da Engenharia e Projetos.<br \/><br \/>Atuou em importantes empresas no setor de engenharia na \u00e1rea de projeto, implanta\u00e7\u00e3o, gerenciamento e gest\u00e3o.<br \/><br \/>Agregou na empresa A.R. PROJETOS E ENGENHARIA seu conhecimento e sua expertise.<\/p>\t\t\t\t\t\t<\/div>\n\t\t\t\t<\/div>\n\t\t\t\t\t<\/div>\n\t\t<\/div>\n\t\t\t\t\t\t\t<\/div>\n\t\t<\/section>\n\t\t\t\t<section class=\"elementor-section elementor-top-section elementor-element elementor-element-c74d404 elementor-section-boxed elementor-section-height-default elementor-section-height-default\" data-id=\"c74d404\" data-element_type=\"section\">\n\t\t\t\t\t\t<div class=\"elementor-container elementor-column-gap-default\">\n\t\t\t\t\t<div class=\"elementor-column elementor-col-50 elementor-top-column elementor-element elementor-element-102dbb8\" data-id=\"102dbb8\" data-element_type=\"column\">\n\t\t\t<div class=\"elementor-widget-wrap elementor-element-populated\">\n\t\t\t\t\t\t\t\t<div class=\"elementor-element elementor-element-afa925e elementor-widget elementor-widget-text-editor\" data-id=\"afa925e\" data-element_type=\"widget\" data-widget_type=\"text-editor.default\">\n\t\t\t\t<div class=\"elementor-widget-container\">\n\t\t\t\t\t\t\t<p>Engenheiro Civil <strong>ALEXANDRE ROGERIO A. DE P. SOUZA<\/strong>, BIM Manager<br \/>A premia\u00e7\u00e3o <strong>TROF\u00c9U CAPACETE DE OURO<\/strong> na modalidade individual,<br \/>indicadores de Safety,. (<span style=\"color: #008080;\">Projeto e Implanta\u00e7\u00e3o Engenharia Civil<\/span>).<br \/>Celebrado pela Empresa ENEL &#8211; Coordinator Area S\u00e3o Paulo Project\u00a0 2022.<br \/>Manager Construction Project Management and Brazil Construction\u00a0 ano 2022.<\/p>\t\t\t\t\t\t<\/div>\n\t\t\t\t<\/div>\n\t\t\t\t<div class=\"elementor-element elementor-element-a37e063 elementor-widget elementor-widget-image\" data-id=\"a37e063\" data-element_type=\"widget\" data-widget_type=\"image.default\">\n\t\t\t\t<div class=\"elementor-widget-container\">\n\t\t\t\t\t\t\t\t\t\t\t\t\t\t\t\t<a href=\"https:\/\/www.linkedin.com\/in\/catenariarigida\/\">\n\t\t\t\t\t\t\t<img width=\"43\" height=\"42\" src=\"https:\/\/arprojetoseengenharia.com.br\/wp-content\/uploads\/2021\/08\/qfmdrcwt35.jpg\" class=\"attachment-large size-large\" alt=\"\" loading=\"lazy\" \/>\t\t\t\t\t\t\t\t<\/a>\n\t\t\t\t\t\t\t\t\t\t\t\t\t\t\t<\/div>\n\t\t\t\t<\/div>\n\t\t\t\t<div class=\"elementor-element elementor-element-441a21f elementor-widget elementor-widget-heading\" data-id=\"441a21f\" data-element_type=\"widget\" data-widget_type=\"heading.default\">\n\t\t\t\t<div class=\"elementor-widget-container\">\n\t\t\t<h2 class=\"elementor-heading-title elementor-size-medium\"><a href=\"https:\/\/www.linkedin.com\/in\/catenariarigida\/\">LINKEDIN PESSOAL<\/a><\/h2>\t\t<\/div>\n\t\t\t\t<\/div>\n\t\t\t\t\t<\/div>\n\t\t<\/div>\n\t\t\t\t<div class=\"elementor-column elementor-col-50 elementor-top-column elementor-element elementor-element-4cf2153\" data-id=\"4cf2153\" data-element_type=\"column\">\n\t\t\t<div class=\"elementor-widget-wrap elementor-element-populated\">\n\t\t\t\t\t\t\t\t<div class=\"elementor-element elementor-element-25de786 elementor-widget elementor-widget-image\" data-id=\"25de786\" data-element_type=\"widget\" data-widget_type=\"image.default\">\n\t\t\t\t<div class=\"elementor-widget-container\">\n\t\t\t\t\t\t\t\t\t\t\t\t\t\t\t<img width=\"411\" height=\"548\" src=\"https:\/\/arprojetoseengenharia.com.br\/wp-content\/uploads\/2025\/04\/ale.jpg\" class=\"attachment-large size-large\" alt=\"\" loading=\"lazy\" \/>\t\t\t\t\t\t\t\t\t\t\t\t\t\t\t<\/div>\n\t\t\t\t<\/div>\n\t\t\t\t\t<\/div>\n\t\t<\/div>\n\t\t\t\t\t\t\t<\/div>\n\t\t<\/section>\n\t\t\t\t<section class=\"elementor-section elementor-top-section elementor-element elementor-element-98b9809 elementor-section-boxed elementor-section-height-default elementor-section-height-default\" data-id=\"98b9809\" data-element_type=\"section\">\n\t\t\t\t\t\t\t<div class=\"elementor-background-overlay\"><\/div>\n\t\t\t\t\t\t\t<div class=\"elementor-container elementor-column-gap-default\">\n\t\t\t\t\t<div class=\"elementor-column elementor-col-100 elementor-top-column elementor-element elementor-element-9489142\" data-id=\"9489142\" data-element_type=\"column\">\n\t\t\t<div class=\"elementor-widget-wrap elementor-element-populated\">\n\t\t\t\t\t\t\t\t<div class=\"elementor-element elementor-element-a039db1 elementor-widget elementor-widget-image\" data-id=\"a039db1\" data-element_type=\"widget\" data-widget_type=\"image.default\">\n\t\t\t\t<div class=\"elementor-widget-container\">\n\t\t\t\t\t\t\t\t\t\t\t\t\t\t\t<img width=\"339\" height=\"160\" src=\"https:\/\/arprojetoseengenharia.com.br\/wp-content\/uploads\/2021\/09\/3hwd2nmqrv.jpg\" class=\"attachment-large size-large\" alt=\"\" loading=\"lazy\" \/>\t\t\t\t\t\t\t\t\t\t\t\t\t\t\t<\/div>\n\t\t\t\t<\/div>\n\t\t\t\t<div class=\"elementor-element elementor-element-3bc63f1 elementor-widget elementor-widget-heading\" data-id=\"3bc63f1\" data-element_type=\"widget\" data-widget_type=\"heading.default\">\n\t\t\t\t<div class=\"elementor-widget-container\">\n\t\t\t<h2 class=\"elementor-heading-title elementor-size-medium\"><a href=\"https:\/\/arprojetoseengenharia.com.br\/wp-content\/uploads\/2025\/04\/CONSULTOR-DE-ENGENHARIA-Copia-1.zip\">\n\n    Fa\u00e7a o Download do Arquivo\n\n<\/a><\/h2>\t\t<\/div>\n\t\t\t\t<\/div>\n\t\t\t\t\t<\/div>\n\t\t<\/div>\n\t\t\t\t\t\t\t<\/div>\n\t\t<\/section>\n\t\t\t\t\t\t<\/div>\n\t\t\t\t\t<\/div>\n\t\t","protected":false},"excerpt":{"rendered":"<p>EMPRESA Somos uma empresa de Projetos e Engenharia constitu\u00edda para atender diversos segmentos na engenharia com uma \u00f3tica de mitigar as incompatibilidades entre os produtos&hellip;<\/p>\n","protected":false},"author":1,"featured_media":0,"parent":0,"menu_order":0,"comment_status":"closed","ping_status":"closed","template":"","meta":[],"_links":{"self":[{"href":"https:\/\/arprojetoseengenharia.com.br\/index.php?rest_route=\/wp\/v2\/pages\/10"}],"collection":[{"href":"https:\/\/arprojetoseengenharia.com.br\/index.php?rest_route=\/wp\/v2\/pages"}],"about":[{"href":"https:\/\/arprojetoseengenharia.com.br\/index.php?rest_route=\/wp\/v2\/types\/page"}],"author":[{"embeddable":true,"href":"https:\/\/arprojetoseengenharia.com.br\/index.php?rest_route=\/wp\/v2\/users\/1"}],"replies":[{"embeddable":true,"href":"https:\/\/arprojetoseengenharia.com.br\/index.php?rest_route=%2Fwp%2Fv2%2Fcomments&post=10"}],"version-history":[{"count":121,"href":"https:\/\/arprojetoseengenharia.com.br\/index.php?rest_route=\/wp\/v2\/pages\/10\/revisions"}],"predecessor-version":[{"id":1907,"href":"https:\/\/arprojetoseengenharia.com.br\/index.php?rest_route=\/wp\/v2\/pages\/10\/revisions\/1907"}],"wp:attachment":[{"href":"https:\/\/arprojetoseengenharia.com.br\/index.php?rest_route=%2Fwp%2Fv2%2Fmedia&parent=10"}],"curies":[{"name":"wp","href":"https:\/\/api.w.org\/{rel}","templated":true}]}}