{"id":22,"date":"2021-08-29T13:32:34","date_gmt":"2021-08-29T13:32:34","guid":{"rendered":"https:\/\/arprojetoseengenharia.com.br\/?page_id=22"},"modified":"2021-09-11T14:23:04","modified_gmt":"2021-09-11T14:23:04","slug":"avaliacao-e-pericia","status":"publish","type":"page","link":"https:\/\/arprojetoseengenharia.com.br\/?page_id=22","title":{"rendered":"AVALIA\u00c7\u00c3O E PER\u00cdCIA"},"content":{"rendered":"\t\t<div data-elementor-type=\"wp-page\" data-elementor-id=\"22\" class=\"elementor elementor-22\" data-elementor-settings=\"[]\">\n\t\t\t\t\t\t\t<div class=\"elementor-section-wrap\">\n\t\t\t\t\t\t\t<section class=\"elementor-section elementor-top-section elementor-element elementor-element-74e7d1a elementor-section-height-min-height elementor-section-boxed elementor-section-height-default elementor-section-items-middle\" data-id=\"74e7d1a\" data-element_type=\"section\" data-settings=\"{&quot;background_background&quot;:&quot;classic&quot;}\">\n\t\t\t\t\t\t<div class=\"elementor-container elementor-column-gap-default\">\n\t\t\t\t\t<div class=\"elementor-column elementor-col-100 elementor-top-column elementor-element elementor-element-1811ff0\" data-id=\"1811ff0\" data-element_type=\"column\">\n\t\t\t<div class=\"elementor-widget-wrap\">\n\t\t\t\t\t\t\t\t\t<\/div>\n\t\t<\/div>\n\t\t\t\t\t\t\t<\/div>\n\t\t<\/section>\n\t\t\t\t<section class=\"elementor-section elementor-top-section elementor-element elementor-element-3390b36 elementor-section-boxed elementor-section-height-default elementor-section-height-default\" data-id=\"3390b36\" data-element_type=\"section\">\n\t\t\t\t\t\t<div class=\"elementor-container elementor-column-gap-default\">\n\t\t\t\t\t<div class=\"elementor-column elementor-col-100 elementor-top-column elementor-element elementor-element-0fd05b2\" data-id=\"0fd05b2\" data-element_type=\"column\">\n\t\t\t<div class=\"elementor-widget-wrap elementor-element-populated\">\n\t\t\t\t\t\t\t\t<div class=\"elementor-element elementor-element-4e68fbb elementor-widget elementor-widget-heading\" data-id=\"4e68fbb\" data-element_type=\"widget\" data-widget_type=\"heading.default\">\n\t\t\t\t<div class=\"elementor-widget-container\">\n\t\t\t<h2 class=\"elementor-heading-title elementor-size-medium\">AVALIA\u00c7\u00c3O E PER\u00cdCIA<\/h2>\t\t<\/div>\n\t\t\t\t<\/div>\n\t\t\t\t\t<\/div>\n\t\t<\/div>\n\t\t\t\t\t\t\t<\/div>\n\t\t<\/section>\n\t\t\t\t<section class=\"elementor-section elementor-top-section elementor-element elementor-element-499f885 elementor-section-boxed elementor-section-height-default elementor-section-height-default\" data-id=\"499f885\" data-element_type=\"section\">\n\t\t\t\t\t\t<div class=\"elementor-container elementor-column-gap-default\">\n\t\t\t\t\t<div class=\"elementor-column elementor-col-100 elementor-top-column elementor-element elementor-element-9dc56e4\" data-id=\"9dc56e4\" data-element_type=\"column\">\n\t\t\t<div class=\"elementor-widget-wrap elementor-element-populated\">\n\t\t\t\t\t\t\t\t<div class=\"elementor-element elementor-element-df38119 elementor-widget elementor-widget-heading\" data-id=\"df38119\" data-element_type=\"widget\" data-widget_type=\"heading.default\">\n\t\t\t\t<div class=\"elementor-widget-container\">\n\t\t\t<h2 class=\"elementor-heading-title elementor-size-medium\">INFORMA\u00c7\u00c3O, AN\u00c1LISE E PRECIFICA\u00c7\u00c3O<\/h2>\t\t<\/div>\n\t\t\t\t<\/div>\n\t\t\t\t\t<\/div>\n\t\t<\/div>\n\t\t\t\t\t\t\t<\/div>\n\t\t<\/section>\n\t\t\t\t<section class=\"elementor-section elementor-top-section elementor-element elementor-element-f7e99d0 elementor-section-boxed elementor-section-height-default elementor-section-height-default\" data-id=\"f7e99d0\" data-element_type=\"section\">\n\t\t\t\t\t\t<div class=\"elementor-container elementor-column-gap-default\">\n\t\t\t\t\t<div class=\"elementor-column elementor-col-50 elementor-top-column elementor-element elementor-element-a187405\" data-id=\"a187405\" data-element_type=\"column\">\n\t\t\t<div class=\"elementor-widget-wrap elementor-element-populated\">\n\t\t\t\t\t\t\t\t<div class=\"elementor-element elementor-element-2865488 elementor-widget elementor-widget-image\" data-id=\"2865488\" data-element_type=\"widget\" data-widget_type=\"image.default\">\n\t\t\t\t<div class=\"elementor-widget-container\">\n\t\t\t\t\t\t\t\t\t\t\t\t\t\t\t<img width=\"311\" height=\"315\" src=\"https:\/\/arprojetoseengenharia.com.br\/wp-content\/uploads\/2021\/09\/jeg43c35ar.jpg\" class=\"attachment-large size-large\" alt=\"\" loading=\"lazy\" \/>\t\t\t\t\t\t\t\t\t\t\t\t\t\t\t<\/div>\n\t\t\t\t<\/div>\n\t\t\t\t<div class=\"elementor-element elementor-element-2078a56 elementor-widget elementor-widget-text-editor\" data-id=\"2078a56\" data-element_type=\"widget\" data-widget_type=\"text-editor.default\">\n\t\t\t\t<div class=\"elementor-widget-container\">\n\t\t\t\t\t\t\t<p>ATUAMOS NAS \u00c1REAS DE AVALIA\u00c7\u00c3O E PERICIA DE ENGENHARIA EM ACORDO COM \u00c0S NORMAS T\u00c9CNICAS NBR 14653, NBR 16.280 E NBR 13752 AMBAS DA ABNT E LEGISLA\u00c7\u00d5ES.<\/p>\t\t\t\t\t\t<\/div>\n\t\t\t\t<\/div>\n\t\t\t\t\t<\/div>\n\t\t<\/div>\n\t\t\t\t<div class=\"elementor-column elementor-col-50 elementor-top-column elementor-element elementor-element-f6f7d62\" data-id=\"f6f7d62\" data-element_type=\"column\">\n\t\t\t<div class=\"elementor-widget-wrap elementor-element-populated\">\n\t\t\t\t\t\t\t\t<div class=\"elementor-element elementor-element-cd40244 elementor-widget elementor-widget-text-editor\" data-id=\"cd40244\" data-element_type=\"widget\" data-widget_type=\"text-editor.default\">\n\t\t\t\t<div class=\"elementor-widget-container\">\n\t\t\t\t\t\t\t<ul><li>Laudo T\u00e9cnico Pericial de Inspe\u00e7\u00e3o de Edif\u00edcio e Resid\u00eancia<\/li><li>Laudo T\u00e9cnico de Reforma de Apartamento e Resid\u00eancia (ABNT 16.280\/2014)<\/li><li>Laudo T\u00e9cnico para Vistoria de Im\u00f3vel para Recebimento de nova Obra<\/li><li>Laudo T\u00e9cnico de Avalia\u00e7\u00e3o de Im\u00f3vel Urbano segundo a (NBR 14.653) ABNT<\/li><li>Laudo T\u00e9cnico de Avalia\u00e7\u00e3o de Custo e Constru\u00e7\u00e3o para Incorpora\u00e7\u00e3o<\/li><\/ul>\t\t\t\t\t\t<\/div>\n\t\t\t\t<\/div>\n\t\t\t\t<div class=\"elementor-element elementor-element-0359333 elementor-widget elementor-widget-image\" data-id=\"0359333\" data-element_type=\"widget\" data-widget_type=\"image.default\">\n\t\t\t\t<div class=\"elementor-widget-container\">\n\t\t\t\t\t\t\t\t\t\t\t\t\t\t\t<img width=\"321\" height=\"214\" src=\"https:\/\/arprojetoseengenharia.com.br\/wp-content\/uploads\/2021\/09\/ol3ftth6n9.jpg\" class=\"attachment-large size-large\" alt=\"\" loading=\"lazy\" \/>\t\t\t\t\t\t\t\t\t\t\t\t\t\t\t<\/div>\n\t\t\t\t<\/div>\n\t\t\t\t\t<\/div>\n\t\t<\/div>\n\t\t\t\t\t\t\t<\/div>\n\t\t<\/section>\n\t\t\t\t<section class=\"elementor-section elementor-top-section elementor-element elementor-element-ac69efa elementor-section-boxed elementor-section-height-default elementor-section-height-default\" data-id=\"ac69efa\" data-element_type=\"section\">\n\t\t\t\t\t\t\t<div class=\"elementor-background-overlay\"><\/div>\n\t\t\t\t\t\t\t<div class=\"elementor-container elementor-column-gap-default\">\n\t\t\t\t\t<div class=\"elementor-column elementor-col-100 elementor-top-column elementor-element elementor-element-78f5e11\" data-id=\"78f5e11\" data-element_type=\"column\">\n\t\t\t<div class=\"elementor-widget-wrap elementor-element-populated\">\n\t\t\t\t\t\t\t\t<div class=\"elementor-element elementor-element-da71e6b elementor-widget elementor-widget-heading\" data-id=\"da71e6b\" data-element_type=\"widget\" data-widget_type=\"heading.default\">\n\t\t\t\t<div class=\"elementor-widget-container\">\n\t\t\t<h2 class=\"elementor-heading-title elementor-size-medium\">\nAVALIA\u00c7\u00c3O DE IM\u00d3VEL <\/h2>\t\t<\/div>\n\t\t\t\t<\/div>\n\t\t\t\t\t<\/div>\n\t\t<\/div>\n\t\t\t\t\t\t\t<\/div>\n\t\t<\/section>\n\t\t\t\t<section class=\"elementor-section elementor-top-section elementor-element elementor-element-7d0f672 elementor-section-boxed elementor-section-height-default elementor-section-height-default\" data-id=\"7d0f672\" data-element_type=\"section\">\n\t\t\t\t\t\t<div class=\"elementor-container elementor-column-gap-default\">\n\t\t\t\t\t<div class=\"elementor-column elementor-col-50 elementor-top-column elementor-element elementor-element-77d72ff\" data-id=\"77d72ff\" data-element_type=\"column\">\n\t\t\t<div class=\"elementor-widget-wrap elementor-element-populated\">\n\t\t\t\t\t\t\t\t<div class=\"elementor-element elementor-element-d1dbf8c elementor-widget elementor-widget-image\" data-id=\"d1dbf8c\" data-element_type=\"widget\" data-widget_type=\"image.default\">\n\t\t\t\t<div class=\"elementor-widget-container\">\n\t\t\t\t\t\t\t\t\t\t\t\t\t\t\t<img width=\"584\" height=\"506\" src=\"https:\/\/arprojetoseengenharia.com.br\/wp-content\/uploads\/2021\/09\/palanca.jpg\" class=\"attachment-large size-large\" alt=\"\" loading=\"lazy\" \/>\t\t\t\t\t\t\t\t\t\t\t\t\t\t\t<\/div>\n\t\t\t\t<\/div>\n\t\t\t\t\t<\/div>\n\t\t<\/div>\n\t\t\t\t<div class=\"elementor-column elementor-col-50 elementor-top-column elementor-element elementor-element-8c331a0\" data-id=\"8c331a0\" data-element_type=\"column\">\n\t\t\t<div class=\"elementor-widget-wrap elementor-element-populated\">\n\t\t\t\t\t\t\t\t<div class=\"elementor-element elementor-element-7274e6b elementor-widget elementor-widget-text-editor\" data-id=\"7274e6b\" data-element_type=\"widget\" data-widget_type=\"text-editor.default\">\n\t\t\t\t<div class=\"elementor-widget-container\">\n\t\t\t\t\t\t\t<p>Tem como finalidade providenciar uma estimativa de valor de mercado a ser usado em decis\u00f5es sobre o im\u00f3vel em algumas situa\u00e7\u00f5es tais como:<br \/>&#8211; Transfer\u00eancia de propriedade<br \/>&#8211;\u00a0 Financiamento e cr\u00e9dito<br \/>&#8211;\u00a0 Justa indeniza\u00e7\u00e3o nos casos de desapropria\u00e7\u00e3o<br \/>&#8211;\u00a0 Tomada de decis\u00f5es sobre bens im\u00f3veis<br \/>&#8211;\u00a0 Base para taxa\u00e7\u00f5es<br \/>&#8211;\u00a0 Aplica\u00e7\u00f5es securit\u00e1rias<br \/>&#8211;\u00a0 Justo valor locacional<\/p>\t\t\t\t\t\t<\/div>\n\t\t\t\t<\/div>\n\t\t\t\t\t<\/div>\n\t\t<\/div>\n\t\t\t\t\t\t\t<\/div>\n\t\t<\/section>\n\t\t\t\t<section class=\"elementor-section elementor-top-section elementor-element elementor-element-875af8d elementor-section-boxed elementor-section-height-default elementor-section-height-default\" data-id=\"875af8d\" data-element_type=\"section\">\n\t\t\t\t\t\t<div class=\"elementor-container elementor-column-gap-default\">\n\t\t\t\t\t<div class=\"elementor-column elementor-col-50 elementor-top-column elementor-element elementor-element-66d3f56\" data-id=\"66d3f56\" data-element_type=\"column\">\n\t\t\t<div class=\"elementor-widget-wrap elementor-element-populated\">\n\t\t\t\t\t\t\t\t<div class=\"elementor-element elementor-element-cf74e9b elementor-widget elementor-widget-heading\" data-id=\"cf74e9b\" data-element_type=\"widget\" data-widget_type=\"heading.default\">\n\t\t\t\t<div class=\"elementor-widget-container\">\n\t\t\t<h2 class=\"elementor-heading-title elementor-size-medium\">ENGENHARIA DE PER\u00cdCIA T\u00c9CNICA NO JUDICI\u00c1RIO<\/h2>\t\t<\/div>\n\t\t\t\t<\/div>\n\t\t\t\t<div class=\"elementor-element elementor-element-231a315 elementor-widget elementor-widget-text-editor\" data-id=\"231a315\" data-element_type=\"widget\" data-widget_type=\"text-editor.default\">\n\t\t\t\t<div class=\"elementor-widget-container\">\n\t\t\t\t\t\t\t<p>Auxiliamos quando necess\u00e1rio na presta\u00e7\u00e3o jurisdicional quando depender de conhecimento t\u00e9cnico ou cient\u00edfico.<\/p><ul><li>Acompanhamento T\u00e9cnico de Processos<\/li><li>An\u00e1lise de Laudo Judicial<\/li><li>An\u00e1lise dos quesitos para atendimento ao processo<\/li><li>Elabora\u00e7\u00e3o e Laudo T\u00e9cnico<\/li><\/ul>\t\t\t\t\t\t<\/div>\n\t\t\t\t<\/div>\n\t\t\t\t<div class=\"elementor-element elementor-element-83fc7f6 elementor-widget elementor-widget-image\" data-id=\"83fc7f6\" data-element_type=\"widget\" data-widget_type=\"image.default\">\n\t\t\t\t<div class=\"elementor-widget-container\">\n\t\t\t\t\t\t\t\t\t\t\t\t\t\t\t<img width=\"221\" height=\"170\" src=\"https:\/\/arprojetoseengenharia.com.br\/wp-content\/uploads\/2021\/09\/s3.jpg\" class=\"attachment-large size-large\" alt=\"\" loading=\"lazy\" \/>\t\t\t\t\t\t\t\t\t\t\t\t\t\t\t<\/div>\n\t\t\t\t<\/div>\n\t\t\t\t\t<\/div>\n\t\t<\/div>\n\t\t\t\t<div class=\"elementor-column elementor-col-50 elementor-top-column elementor-element elementor-element-c7994c9\" data-id=\"c7994c9\" data-element_type=\"column\">\n\t\t\t<div class=\"elementor-widget-wrap elementor-element-populated\">\n\t\t\t\t\t\t\t\t<div class=\"elementor-element elementor-element-4202d93 elementor-widget elementor-widget-heading\" data-id=\"4202d93\" data-element_type=\"widget\" data-widget_type=\"heading.default\">\n\t\t\t\t<div class=\"elementor-widget-container\">\n\t\t\t<h2 class=\"elementor-heading-title elementor-size-medium\">VISTORIA CAUTELAR<\/h2>\t\t<\/div>\n\t\t\t\t<\/div>\n\t\t\t\t<div class=\"elementor-element elementor-element-f9504ac elementor-widget elementor-widget-text-editor\" data-id=\"f9504ac\" data-element_type=\"widget\" data-widget_type=\"text-editor.default\">\n\t\t\t\t<div class=\"elementor-widget-container\">\n\t\t\t\t\t\t\t<p>Imprescind\u00edvel a vistoria do bem a ser avaliado para<br \/>registrar suas caracter\u00edsticas f\u00edsicas e outros aspectos<br \/>relevantes para a forma\u00e7\u00e3o do seu valor.<\/p>\t\t\t\t\t\t<\/div>\n\t\t\t\t<\/div>\n\t\t\t\t<div class=\"elementor-element elementor-element-0de67b6 elementor-widget elementor-widget-image\" data-id=\"0de67b6\" data-element_type=\"widget\" data-widget_type=\"image.default\">\n\t\t\t\t<div class=\"elementor-widget-container\">\n\t\t\t\t\t\t\t\t\t\t\t\t\t\t\t<img width=\"300\" height=\"225\" src=\"https:\/\/arprojetoseengenharia.com.br\/wp-content\/uploads\/2021\/09\/TESTE2.jpg\" class=\"attachment-medium size-medium\" alt=\"\" loading=\"lazy\" \/>\t\t\t\t\t\t\t\t\t\t\t\t\t\t\t<\/div>\n\t\t\t\t<\/div>\n\t\t\t\t\t<\/div>\n\t\t<\/div>\n\t\t\t\t\t\t\t<\/div>\n\t\t<\/section>\n\t\t\t\t<section class=\"elementor-section elementor-top-section elementor-element elementor-element-e8d86fd elementor-section-boxed elementor-section-height-default elementor-section-height-default\" data-id=\"e8d86fd\" data-element_type=\"section\">\n\t\t\t\t\t\t\t<div class=\"elementor-background-overlay\"><\/div>\n\t\t\t\t\t\t\t<div class=\"elementor-container elementor-column-gap-default\">\n\t\t\t\t\t<div class=\"elementor-column elementor-col-50 elementor-top-column elementor-element elementor-element-5bff418\" data-id=\"5bff418\" data-element_type=\"column\">\n\t\t\t<div class=\"elementor-widget-wrap elementor-element-populated\">\n\t\t\t\t\t\t\t\t<div class=\"elementor-element elementor-element-4724fcd elementor-widget elementor-widget-heading\" data-id=\"4724fcd\" data-element_type=\"widget\" data-widget_type=\"heading.default\">\n\t\t\t\t<div class=\"elementor-widget-container\">\n\t\t\t<h2 class=\"elementor-heading-title elementor-size-medium\">LAUDO PARA RENOVA\u00c7\u00c3O DE ALVAR\u00c1 DE FUNCIONAMENTO<\/h2>\t\t<\/div>\n\t\t\t\t<\/div>\n\t\t\t\t<div class=\"elementor-element elementor-element-041dcaf elementor-widget elementor-widget-text-editor\" data-id=\"041dcaf\" data-element_type=\"widget\" data-widget_type=\"text-editor.default\">\n\t\t\t\t<div class=\"elementor-widget-container\">\n\t\t\t\t\t\t\t<p>O laudo para renova\u00e7\u00e3o de alvar\u00e1 tem como premissa atestar que o local cumpre os requisitos de seguran\u00e7a e outras emerg\u00eancias, com base nos dispositivos previstos em lei.<\/p>\t\t\t\t\t\t<\/div>\n\t\t\t\t<\/div>\n\t\t\t\t\t<\/div>\n\t\t<\/div>\n\t\t\t\t<div class=\"elementor-column elementor-col-50 elementor-top-column elementor-element elementor-element-4219f1f\" data-id=\"4219f1f\" data-element_type=\"column\">\n\t\t\t<div class=\"elementor-widget-wrap elementor-element-populated\">\n\t\t\t\t\t\t\t\t<div class=\"elementor-element elementor-element-58c9c04 elementor-widget elementor-widget-image\" data-id=\"58c9c04\" data-element_type=\"widget\" data-widget_type=\"image.default\">\n\t\t\t\t<div class=\"elementor-widget-container\">\n\t\t\t\t\t\t\t\t\t\t\t\t\t\t\t<img width=\"597\" height=\"399\" src=\"https:\/\/arprojetoseengenharia.com.br\/wp-content\/uploads\/2021\/09\/4i2vgktc6l.jpg\" class=\"attachment-large size-large\" alt=\"\" loading=\"lazy\" \/>\t\t\t\t\t\t\t\t\t\t\t\t\t\t\t<\/div>\n\t\t\t\t<\/div>\n\t\t\t\t\t<\/div>\n\t\t<\/div>\n\t\t\t\t\t\t\t<\/div>\n\t\t<\/section>\n\t\t\t\t\t\t<\/div>\n\t\t\t\t\t<\/div>\n\t\t","protected":false},"excerpt":{"rendered":"<p>AVALIA\u00c7\u00c3O E PER\u00cdCIA INFORMA\u00c7\u00c3O, AN\u00c1LISE E PRECIFICA\u00c7\u00c3O ATUAMOS NAS \u00c1REAS DE AVALIA\u00c7\u00c3O E PERICIA DE ENGENHARIA EM ACORDO COM \u00c0S NORMAS T\u00c9CNICAS NBR 14653, NBR&hellip;<\/p>\n","protected":false},"author":1,"featured_media":0,"parent":0,"menu_order":0,"comment_status":"closed","ping_status":"closed","template":"","meta":[],"_links":{"self":[{"href":"https:\/\/arprojetoseengenharia.com.br\/index.php?rest_route=\/wp\/v2\/pages\/22"}],"collection":[{"href":"https:\/\/arprojetoseengenharia.com.br\/index.php?rest_route=\/wp\/v2\/pages"}],"about":[{"href":"https:\/\/arprojetoseengenharia.com.br\/index.php?rest_route=\/wp\/v2\/types\/page"}],"author":[{"embeddable":true,"href":"https:\/\/arprojetoseengenharia.com.br\/index.php?rest_route=\/wp\/v2\/users\/1"}],"replies":[{"embeddable":true,"href":"https:\/\/arprojetoseengenharia.com.br\/index.php?rest_route=%2Fwp%2Fv2%2Fcomments&post=22"}],"version-history":[{"count":97,"href":"https:\/\/arprojetoseengenharia.com.br\/index.php?rest_route=\/wp\/v2\/pages\/22\/revisions"}],"predecessor-version":[{"id":846,"href":"https:\/\/arprojetoseengenharia.com.br\/index.php?rest_route=\/wp\/v2\/pages\/22\/revisions\/846"}],"wp:attachment":[{"href":"https:\/\/arprojetoseengenharia.com.br\/index.php?rest_route=%2Fwp%2Fv2%2Fmedia&parent=22"}],"curies":[{"name":"wp","href":"https:\/\/api.w.org\/{rel}","templated":true}]}}