{"id":36,"date":"2021-08-29T13:36:09","date_gmt":"2021-08-29T13:36:09","guid":{"rendered":"https:\/\/arprojetoseengenharia.com.br\/?page_id=36"},"modified":"2021-09-14T01:21:48","modified_gmt":"2021-09-14T01:21:48","slug":"login","status":"publish","type":"page","link":"https:\/\/arprojetoseengenharia.com.br\/?page_id=36","title":{"rendered":"LOGIN"},"content":{"rendered":"\t\t<div data-elementor-type=\"wp-page\" data-elementor-id=\"36\" class=\"elementor elementor-36\" data-elementor-settings=\"[]\">\n\t\t\t\t\t\t\t<div class=\"elementor-section-wrap\">\n\t\t\t\t\t\t\t<section class=\"elementor-section elementor-top-section elementor-element elementor-element-260e8cc elementor-section-boxed elementor-section-height-default elementor-section-height-default\" data-id=\"260e8cc\" data-element_type=\"section\">\n\t\t\t\t\t\t<div class=\"elementor-container elementor-column-gap-default\">\n\t\t\t\t\t<div class=\"elementor-column elementor-col-100 elementor-top-column elementor-element elementor-element-46fe70d\" data-id=\"46fe70d\" data-element_type=\"column\">\n\t\t\t<div class=\"elementor-widget-wrap elementor-element-populated\">\n\t\t\t\t\t\t\t\t<div class=\"elementor-element elementor-element-4279584 elementor-widget elementor-widget-image\" data-id=\"4279584\" data-element_type=\"widget\" data-widget_type=\"image.default\">\n\t\t\t\t<div class=\"elementor-widget-container\">\n\t\t\t\t\t\t\t\t\t\t\t\t\t\t\t<img width=\"221\" height=\"170\" src=\"https:\/\/arprojetoseengenharia.com.br\/wp-content\/uploads\/2021\/09\/s1.jpg\" class=\"attachment-large size-large\" alt=\"\" loading=\"lazy\" \/>\t\t\t\t\t\t\t\t\t\t\t\t\t\t\t<\/div>\n\t\t\t\t<\/div>\n\t\t\t\t<div class=\"elementor-element elementor-element-3de1933 elementor-widget elementor-widget-heading\" data-id=\"3de1933\" data-element_type=\"widget\" data-widget_type=\"heading.default\">\n\t\t\t\t<div class=\"elementor-widget-container\">\n\t\t\t<h2 class=\"elementor-heading-title elementor-size-medium\">P\u00e1gina em constru\u00e7\u00e3o<\/h2>\t\t<\/div>\n\t\t\t\t<\/div>\n\t\t\t\t<div class=\"elementor-element elementor-element-9bf7e2c elementor-widget elementor-widget-text-editor\" data-id=\"9bf7e2c\" data-element_type=\"widget\" data-widget_type=\"text-editor.default\">\n\t\t\t\t<div class=\"elementor-widget-container\">\n\t\t\t\t\t\t\t<p>Em breve estar\u00e1 ativa<\/p>\t\t\t\t\t\t<\/div>\n\t\t\t\t<\/div>\n\t\t\t\t<div class=\"elementor-element elementor-element-6225053 elementor-widget elementor-widget-text-editor\" data-id=\"6225053\" data-element_type=\"widget\" data-widget_type=\"text-editor.default\">\n\t\t\t\t<div class=\"elementor-widget-container\">\n\t\t\t\t\t\t\t<div class=\"col-2\"><div id=\"wb_Text2\">contatos@arprojetoseengenharia.com.br<br \/>Rua Dr Gabriel Piza, 577, Santana <br \/>S\u00e3o Paulo \u2013 SP \u2013 02036-011 <br \/>Telefone: +55 11 4643-6521<\/div><\/div><div class=\"col-3\">\u00a0<\/div>\t\t\t\t\t\t<\/div>\n\t\t\t\t<\/div>\n\t\t\t\t\t<\/div>\n\t\t<\/div>\n\t\t\t\t\t\t\t<\/div>\n\t\t<\/section>\n\t\t\t\t\t\t<\/div>\n\t\t\t\t\t<\/div>\n\t\t","protected":false},"excerpt":{"rendered":"<p>P\u00e1gina em constru\u00e7\u00e3o Em breve estar\u00e1 ativa contatos@arprojetoseengenharia.com.brRua Dr Gabriel Piza, 577, Santana S\u00e3o Paulo \u2013 SP \u2013 02036-011 Telefone: +55 11 4643-6521\u00a0<\/p>\n","protected":false},"author":1,"featured_media":0,"parent":0,"menu_order":0,"comment_status":"closed","ping_status":"closed","template":"","meta":[],"_links":{"self":[{"href":"https:\/\/arprojetoseengenharia.com.br\/index.php?rest_route=\/wp\/v2\/pages\/36"}],"collection":[{"href":"https:\/\/arprojetoseengenharia.com.br\/index.php?rest_route=\/wp\/v2\/pages"}],"about":[{"href":"https:\/\/arprojetoseengenharia.com.br\/index.php?rest_route=\/wp\/v2\/types\/page"}],"author":[{"embeddable":true,"href":"https:\/\/arprojetoseengenharia.com.br\/index.php?rest_route=\/wp\/v2\/users\/1"}],"replies":[{"embeddable":true,"href":"https:\/\/arprojetoseengenharia.com.br\/index.php?rest_route=%2Fwp%2Fv2%2Fcomments&post=36"}],"version-history":[{"count":10,"href":"https:\/\/arprojetoseengenharia.com.br\/index.php?rest_route=\/wp\/v2\/pages\/36\/revisions"}],"predecessor-version":[{"id":1066,"href":"https:\/\/arprojetoseengenharia.com.br\/index.php?rest_route=\/wp\/v2\/pages\/36\/revisions\/1066"}],"wp:attachment":[{"href":"https:\/\/arprojetoseengenharia.com.br\/index.php?rest_route=%2Fwp%2Fv2%2Fmedia&parent=36"}],"curies":[{"name":"wp","href":"https:\/\/api.w.org\/{rel}","templated":true}]}}